{"id":402,"date":"2024-01-18T12:05:47","date_gmt":"2024-01-18T12:05:47","guid":{"rendered":"https:\/\/demo.startbiz.fr\/fantarome\/?page_id=402"},"modified":"2025-10-23T21:31:04","modified_gmt":"2025-10-23T21:31:04","slug":"notre-site-de-production","status":"publish","type":"page","link":"https:\/\/fontarome.fr\/notre-site-de-production\/","title":{"rendered":"Notre site de production"},"content":{"rendered":"\t\t<div data-elementor-type=\"wp-page\" data-elementor-id=\"402\" class=\"elementor elementor-402\" data-elementor-post-type=\"page\">\n\t\t\t\t\t\t<section class=\"elementor-section elementor-top-section elementor-element elementor-element-a6c60db elementor-section-height-min-height elementor-section-items-bottom elementor-section-boxed elementor-section-height-default\" data-id=\"a6c60db\" data-element_type=\"section\" data-e-type=\"section\" data-settings=\"{&quot;background_background&quot;:&quot;video&quot;,&quot;background_video_link&quot;:&quot;https:\\\/\\\/fontarome.fr\\\/wp-content\\\/uploads\\\/2024\\\/01\\\/lotus_dancing_in_the_wind-Original.mp4&quot;,&quot;background_play_on_mobile&quot;:&quot;yes&quot;}\">\n\t\t\t\t\t\t\t\t<div class=\"elementor-background-video-container\">\n\t\t\t\t\t\t\t\t\t\t\t\t\t<video class=\"elementor-background-video-hosted\" role=\"presentation\" autoplay muted playsinline loop><\/video>\n\t\t\t\t\t\t\t\t\t\t\t<\/div>\n\t\t\t\t\t\t\t\t\t<div class=\"elementor-background-overlay\"><\/div>\n\t\t\t\t\t\t\t<div class=\"elementor-container elementor-column-gap-default\">\n\t\t\t\t\t<div class=\"elementor-column elementor-col-100 elementor-top-column elementor-element elementor-element-b1a36be\" data-id=\"b1a36be\" data-element_type=\"column\" data-e-type=\"column\">\n\t\t\t<div class=\"elementor-widget-wrap elementor-element-populated\">\n\t\t\t\t\t\t<div class=\"elementor-element elementor-element-b980629 elementor-widget elementor-widget-heading\" data-id=\"b980629\" data-element_type=\"widget\" data-e-type=\"widget\" data-widget_type=\"heading.default\">\n\t\t\t\t<div class=\"elementor-widget-container\">\n\t\t\t\t\t<h1 class=\"elementor-heading-title elementor-size-default\">\u00c0 propos<\/h1>\t\t\t\t<\/div>\n\t\t\t\t<\/div>\n\t\t\t\t\t<\/div>\n\t\t<\/div>\n\t\t\t\t\t<\/div>\n\t\t<\/section>\n\t\t\t\t<section class=\"elementor-section elementor-top-section elementor-element elementor-element-24f4894a elementor-section-stretched elementor-section-full_width elementor-section-height-default elementor-section-height-default\" data-id=\"24f4894a\" data-element_type=\"section\" data-e-type=\"section\" data-settings=\"{&quot;stretch_section&quot;:&quot;section-stretched&quot;}\">\n\t\t\t\t\t\t<div class=\"elementor-container elementor-column-gap-default\">\n\t\t\t\t\t<div class=\"elementor-column elementor-col-100 elementor-top-column elementor-element elementor-element-6c81d546\" data-id=\"6c81d546\" data-element_type=\"column\" data-e-type=\"column\">\n\t\t\t<div class=\"elementor-widget-wrap elementor-element-populated\">\n\t\t\t\t\t\t<section class=\"elementor-section elementor-inner-section elementor-element elementor-element-20cea4f6 elementor-section-content-middle elementor-section-full_width elementor-section-height-default elementor-section-height-default\" data-id=\"20cea4f6\" data-element_type=\"section\" data-e-type=\"section\">\n\t\t\t\t\t\t<div class=\"elementor-container elementor-column-gap-wider\">\n\t\t\t\t\t<div class=\"elementor-column elementor-col-100 elementor-inner-column elementor-element elementor-element-56ff45df\" data-id=\"56ff45df\" data-element_type=\"column\" data-e-type=\"column\">\n\t\t\t<div class=\"elementor-widget-wrap elementor-element-populated\">\n\t\t\t\t\t\t<div class=\"elementor-element elementor-element-2918d82 elementor-widget elementor-widget-html\" data-id=\"2918d82\" data-element_type=\"widget\" data-e-type=\"widget\" data-widget_type=\"html.default\">\n\t\t\t\t<div class=\"elementor-widget-container\">\n\t\t\t\t\t<section class=\"fontarome-stats\">\n  <style>\n    .fontarome-stats {\n      font-family: 'Brown', sans-serif;\n      background: #fff;\n      padding: 60px 20px;\n      color: #222;\n    }\n\n    .fontarome-stats h2 {\n      text-align: center;\n      font-size: clamp(22px, 4vw, 34px);\n      font-weight: 700;\n      color: #6C862F;\n      margin-bottom: 40px;\n    }\n\n    .stats-grid {\n      display: grid;\n      grid-template-columns: 1fr;\n      gap: 25px;\n      max-width: 1100px;\n      margin: 0 auto;\n    }\n\n    @media (min-width: 700px) {\n      .stats-grid {\n        grid-template-columns: repeat(2, 1fr);\n      }\n    }\n\n    @media (min-width: 992px) {\n      .stats-grid {\n        grid-template-columns: repeat(4, 1fr);\n      }\n    }\n\n    .stat-item {\n      text-align: center;\n      padding: 24px 20px;\n      border-radius: 12px;\n      background: #f8f8f8;\n      transition: all 0.3s ease;\n    }\n\n    .stat-item:hover {\n      background: #f0f4ec;\n      transform: translateY(-3px);\n    }\n\n    .stat-value {\n      color: #6C862F;\n      font-weight: 700;\n      font-size: clamp(28px, 5vw, 40px);\n      margin-bottom: 6px;\n    }\n\n    .stat-label {\n      font-weight: 600;\n      margin-bottom: 10px;\n      font-size: 16px;\n    }\n\n    .stat-desc {\n      font-size: 14px;\n      color: #555;\n      line-height: 1.4;\n    }\n\n    .stat-list {\n      list-style: none;\n      padding: 0;\n      margin: 0;\n      color: #555;\n      font-size: 14px;\n      line-height: 1.4;\n    }\n\n    .stat-list li {\n      margin-bottom: 4px;\n    }\n  <\/style>\n\n  <h2>Fontar\u00f4me en quelques chiffres<\/h2>\n\n  <div class=\"stats-grid\">\n    <!-- Ateliers -->\n    <div class=\"stat-item\">\n      <!-- ajoute ton ic\u00f4ne Elementor ici -->\n      <div class=\"stat-value\">3<\/div>\n      <div class=\"stat-label\">Ateliers de production<\/div>\n      <p class=\"stat-desc\">\n        \u00c9quip\u00e9s de m\u00e9langeurs poudre et liquide, \u00e9mulsionneurs, homog\u00e9n\u00e9isateurs.\n      <\/p>\n    <\/div>\n\n    <!-- Tonnes d'ar\u00f4mes -->\n    <div class=\"stat-item\">\n      <div class=\"stat-value\">3 494<\/div>\n      <div class=\"stat-label\">Tonnes d\u2019ar\u00f4mes<\/div>\n      <p class=\"stat-desc\">Produites en 2022.<\/p>\n    <\/div>\n\n    <!-- Laboratoires -->\n    <div class=\"stat-item\">\n      <div class=\"stat-value\">4<\/div>\n      <div class=\"stat-label\">Laboratoires<\/div>\n      <ul class=\"stat-list\">\n        <li>1 laboratoire ar\u00f4mes sucr\u00e9s<\/li>\n        <li>1 laboratoire ar\u00f4mes sal\u00e9s<\/li>\n        <li>1 laboratoire d\u2019application<\/li>\n        <li>1 laboratoire contr\u00f4le qualit\u00e9<\/li>\n      <\/ul>\n    <\/div>\n\n    <!-- Site -->\n    <div class=\"stat-item\">\n      <div class=\"stat-value\">5 000 m\u00b2<\/div>\n      <div class=\"stat-label\">Site de production<\/div>\n      <p class=\"stat-desc\">Surface totale du site.<\/p>\n    <\/div>\n  <\/div>\n<\/section>\n\t\t\t\t<\/div>\n\t\t\t\t<\/div>\n\t\t\t\t\t<\/div>\n\t\t<\/div>\n\t\t\t\t\t<\/div>\n\t\t<\/section>\n\t\t\t\t\t<\/div>\n\t\t<\/div>\n\t\t\t\t\t<\/div>\n\t\t<\/section>\n\t\t\t\t<\/div>\n\t\t","protected":false},"excerpt":{"rendered":"<p>\u00c0 propos Fontar\u00f4me en quelques chiffres 3 Ateliers de production \u00c9quip\u00e9s de m\u00e9langeurs poudre et liquide, \u00e9mulsionneurs, homog\u00e9n\u00e9isateurs. 3 494 [&hellip;]<\/p>\n","protected":false},"author":1,"featured_media":0,"parent":0,"menu_order":0,"comment_status":"closed","ping_status":"closed","template":"elementor_header_footer","meta":{"site-sidebar-layout":"no-sidebar","site-content-layout":"","ast-site-content-layout":"full-width-container","site-content-style":"default","site-sidebar-style":"default","ast-global-header-display":"","ast-banner-title-visibility":"","ast-main-header-display":"","ast-hfb-above-header-display":"","ast-hfb-below-header-display":"","ast-hfb-mobile-header-display":"","site-post-title":"disabled","ast-breadcrumbs-content":"","ast-featured-img":"disabled","footer-sml-layout":"","ast-disable-related-posts":"","theme-transparent-header-meta":"default","adv-header-id-meta":"","stick-header-meta":"","header-above-stick-meta":"","header-main-stick-meta":"","header-below-stick-meta":"","astra-migrate-meta-layouts":"set","ast-page-background-enabled":"default","ast-page-background-meta":{"desktop":{"background-color":"var(--ast-global-color-4)","background-image":"","background-repeat":"repeat","background-position":"center center","background-size":"auto","background-attachment":"scroll","background-type":"","background-media":"","overlay-type":"","overlay-color":"","overlay-opacity":"","overlay-gradient":""},"tablet":{"background-color":"","background-image":"","background-repeat":"repeat","background-position":"center center","background-size":"auto","background-attachment":"scroll","background-type":"","background-media":"","overlay-type":"","overlay-color":"","overlay-opacity":"","overlay-gradient":""},"mobile":{"background-color":"","background-image":"","background-repeat":"repeat","background-position":"center center","background-size":"auto","background-attachment":"scroll","background-type":"","background-media":"","overlay-type":"","overlay-color":"","overlay-opacity":"","overlay-gradient":""}},"ast-content-background-meta":{"desktop":{"background-color":"var(--ast-global-color-5)","background-image":"","background-repeat":"repeat","background-position":"center center","background-size":"auto","background-attachment":"scroll","background-type":"","background-media":"","overlay-type":"","overlay-color":"","overlay-opacity":"","overlay-gradient":""},"tablet":{"background-color":"var(--ast-global-color-5)","background-image":"","background-repeat":"repeat","background-position":"center center","background-size":"auto","background-attachment":"scroll","background-type":"","background-media":"","overlay-type":"","overlay-color":"","overlay-opacity":"","overlay-gradient":""},"mobile":{"background-color":"var(--ast-global-color-5)","background-image":"","background-repeat":"repeat","background-position":"center center","background-size":"auto","background-attachment":"scroll","background-type":"","background-media":"","overlay-type":"","overlay-color":"","overlay-opacity":"","overlay-gradient":""}},"footnotes":""},"class_list":["post-402","page","type-page","status-publish","hentry"],"_links":{"self":[{"href":"https:\/\/fontarome.fr\/wp-json\/wp\/v2\/pages\/402","targetHints":{"allow":["GET"]}}],"collection":[{"href":"https:\/\/fontarome.fr\/wp-json\/wp\/v2\/pages"}],"about":[{"href":"https:\/\/fontarome.fr\/wp-json\/wp\/v2\/types\/page"}],"author":[{"embeddable":true,"href":"https:\/\/fontarome.fr\/wp-json\/wp\/v2\/users\/1"}],"replies":[{"embeddable":true,"href":"https:\/\/fontarome.fr\/wp-json\/wp\/v2\/comments?post=402"}],"version-history":[{"count":94,"href":"https:\/\/fontarome.fr\/wp-json\/wp\/v2\/pages\/402\/revisions"}],"predecessor-version":[{"id":10623,"href":"https:\/\/fontarome.fr\/wp-json\/wp\/v2\/pages\/402\/revisions\/10623"}],"wp:attachment":[{"href":"https:\/\/fontarome.fr\/wp-json\/wp\/v2\/media?parent=402"}],"curies":[{"name":"wp","href":"https:\/\/api.w.org\/{rel}","templated":true}]}}